{"id":4131,"date":"2022-06-24T19:47:32","date_gmt":"2022-06-24T19:47:32","guid":{"rendered":"https:\/\/www.silentseniors.eu\/?page_id=4131"},"modified":"2022-06-24T19:56:52","modified_gmt":"2022-06-24T19:56:52","slug":"dotazniky-diagnostika-pted-self","status":"publish","type":"page","link":"https:\/\/www.silentseniors.eu\/index.php\/dotazniky-diagnostika-pted-self\/","title":{"rendered":"Dotazn\u00edky &#8211; diagnostika PTED (Self)"},"content":{"rendered":"\n<p>Nasleduj\u00face dotazn\u00edky sme vytvorili ako pom\u00f4cku pre zis\u0165ovanie tzv. Postraumatickej zatrpklosti \u010di zahorklosti (PTED : Post-Traumatic Embitterment Disorder) pod\u013ea textov nemeck\u00e9ho psychiatra Michaela Lindena. Ak V\u00e1s na\u0161e texty na toto t\u00e9ma osluvuj\u00fa a chceli by ste nadviaza\u0165 spolupr\u00e1cu s na\u0161ou skupinou, ktor\u00e1 sa tejto problematike venuje intenz\u00edvne a opakovane, pok\u00faste sa dotazn\u00edk vyplni\u0165 pr\u00edp. avizujte Va\u0161u ochotu vyplni\u0165 dotazn\u00edk formou on-line sch\u00f4dzky &#8211; cez GoogleMeet pr\u00edp. aj in\u00fa platformu &#8211; na tel. \u010d\u00edslach +421 949292782 pr\u00edp. aj na tel.\u010d. +420 602349848. <\/p>\n\n\n\n<p>Kontaktova\u0165 n\u00e1s m\u00f4\u017eete aj prostredn\u00edctvom e-mailov: <a href=\"mailto:info@workrelations.eu\">info@workrelations.eu<\/a> a <a href=\"mailto:info@silentseniors.eu\">info@silentseniors.eu<\/a> .<\/p>\n\n\n\n<p><\/p>\n\n\n\n<p><strong>Dotazn\u00edk v angli\u010dtine a sloven\u010dine: <\/strong><\/p>\n\n\n\n<div class=\"wp-block-file\"><a href=\"https:\/\/www.silentseniors.eu\/wp-content\/uploads\/2022\/06\/PTED-sk19622.doc\">PTED-sk19622<\/a><a href=\"https:\/\/www.silentseniors.eu\/wp-content\/uploads\/2022\/06\/PTED-sk19622.doc\" class=\"wp-block-file__button\" download>Stiahnu\u0165<\/a><\/div>\n\n\n\n<p><\/p>\n\n\n\n<p><strong>Dozazn\u00edk v \u010de\u0161tin\u011b<\/strong>: <\/p>\n\n\n\n<div class=\"wp-block-file\"><a href=\"https:\/\/www.silentseniors.eu\/wp-content\/uploads\/2022\/06\/The-PTED-SelfCZdef.doc\">The-PTED-SelfCZdef<\/a><a href=\"https:\/\/www.silentseniors.eu\/wp-content\/uploads\/2022\/06\/The-PTED-SelfCZdef.doc\" class=\"wp-block-file__button\" download><\/a><\/div>\n","protected":false},"excerpt":{"rendered":"<p>Nasleduj\u00face dotazn\u00edky sme vytvorili ako pom\u00f4cku pre zis\u0165ovanie tzv. Postraumatickej zatrpklosti \u010di zahorklosti (PTED : Post-Traumatic Embitterment Disorder) pod\u013ea textov nemeck\u00e9ho psychiatra Michaela Lindena. Ak V\u00e1s na\u0161e texty na toto t\u00e9ma osluvuj\u00fa a chceli by ste nadviaza\u0165 spolupr\u00e1cu s na\u0161ou skupinou, ktor\u00e1 sa tejto problematike venuje intenz\u00edvne a opakovane, pok\u00faste sa dotazn\u00edk vyplni\u0165 pr\u00edp. avizujte &hellip; <\/p>\n","protected":false},"author":1,"featured_media":0,"parent":0,"menu_order":0,"comment_status":"closed","ping_status":"closed","template":"","meta":{"footnotes":""},"_links":{"self":[{"href":"https:\/\/www.silentseniors.eu\/index.php\/wp-json\/wp\/v2\/pages\/4131"}],"collection":[{"href":"https:\/\/www.silentseniors.eu\/index.php\/wp-json\/wp\/v2\/pages"}],"about":[{"href":"https:\/\/www.silentseniors.eu\/index.php\/wp-json\/wp\/v2\/types\/page"}],"author":[{"embeddable":true,"href":"https:\/\/www.silentseniors.eu\/index.php\/wp-json\/wp\/v2\/users\/1"}],"replies":[{"embeddable":true,"href":"https:\/\/www.silentseniors.eu\/index.php\/wp-json\/wp\/v2\/comments?post=4131"}],"version-history":[{"count":2,"href":"https:\/\/www.silentseniors.eu\/index.php\/wp-json\/wp\/v2\/pages\/4131\/revisions"}],"predecessor-version":[{"id":4138,"href":"https:\/\/www.silentseniors.eu\/index.php\/wp-json\/wp\/v2\/pages\/4131\/revisions\/4138"}],"wp:attachment":[{"href":"https:\/\/www.silentseniors.eu\/index.php\/wp-json\/wp\/v2\/media?parent=4131"}],"curies":[{"name":"wp","href":"https:\/\/api.w.org\/{rel}","templated":true}]}}