{"id":3951,"date":"2021-02-20T14:41:00","date_gmt":"2021-02-20T14:41:00","guid":{"rendered":"https:\/\/www.silentseniors.eu\/?page_id=3951"},"modified":"2022-11-02T20:47:00","modified_gmt":"2022-11-02T20:47:00","slug":"piesne-su-otlackami-kuskov-duse-sima-martausova-magusinova","status":"publish","type":"page","link":"https:\/\/www.silentseniors.eu\/index.php\/piesne-su-otlackami-kuskov-duse-sima-martausova-magusinova\/","title":{"rendered":"Piesne s\u00fa otla\u010dkami k\u00faskov du\u0161e: Sima Martausov\u00e1 &#8211; Magu\u0161inov\u00e1"},"content":{"rendered":"\n<figure class=\"wp-block-embed is-type-video is-provider-youtube wp-block-embed-youtube wp-embed-aspect-16-9 wp-has-aspect-ratio\"><div class=\"wp-block-embed__wrapper\">\n<iframe loading=\"lazy\" title=\"Sima Magu\u0161inov\u00e1 - Rekviem (Rudolf Dobi\u00e1\u0161), Live Session\" width=\"790\" height=\"444\" src=\"https:\/\/www.youtube.com\/embed\/l3ozAL36t4o?feature=oembed\" frameborder=\"0\" allow=\"accelerometer; autoplay; clipboard-write; encrypted-media; gyroscope; picture-in-picture; web-share\" referrerpolicy=\"strict-origin-when-cross-origin\" allowfullscreen><\/iframe>\n<\/div><figcaption><a href=\"https:\/\/www.youtube.com\/channel\/UCMdDDuWm9ZaWCO3lJFvIekw\">Sima Magu\u0161inov\u00e1 OFFICIAL<\/a><\/figcaption><\/figure>\n\n\n\n<figure class=\"wp-block-embed is-type-video is-provider-youtube wp-block-embed-youtube wp-embed-aspect-16-9 wp-has-aspect-ratio\"><div class=\"wp-block-embed__wrapper\">\n<iframe loading=\"lazy\" title=\"Sima Magu\u0161inov\u00e1 - SONETY (official lyric video)\" width=\"790\" height=\"444\" src=\"https:\/\/www.youtube.com\/embed\/P548c1EQyoE?feature=oembed\" frameborder=\"0\" allow=\"accelerometer; autoplay; clipboard-write; encrypted-media; gyroscope; picture-in-picture; web-share\" referrerpolicy=\"strict-origin-when-cross-origin\" allowfullscreen><\/iframe>\n<\/div><figcaption><a href=\"https:\/\/www.youtube.com\/channel\/UCMdDDuWm9ZaWCO3lJFvIekw\">Sima Magu\u0161inov\u00e1 OFFICIAL<\/a><\/figcaption><\/figure>\n\n\n\n<figure class=\"wp-block-embed is-type-video is-provider-youtube wp-block-embed-youtube wp-embed-aspect-16-9 wp-has-aspect-ratio\"><div class=\"wp-block-embed__wrapper\">\n<iframe loading=\"lazy\" title=\"Sima Magu\u0161inov\u00e1 - Liptovsk\u00e9 srdce (ofici\u00e1lny videoklip)\" width=\"790\" height=\"444\" src=\"https:\/\/www.youtube.com\/embed\/2UxUJR31MPc?feature=oembed\" frameborder=\"0\" allow=\"accelerometer; autoplay; clipboard-write; encrypted-media; gyroscope; picture-in-picture; web-share\" referrerpolicy=\"strict-origin-when-cross-origin\" allowfullscreen><\/iframe>\n<\/div><figcaption> <a href=\"https:\/\/www.youtube.com\/channel\/UCMdDDuWm9ZaWCO3lJFvIekw\">Sima Magu\u0161inov\u00e1 OFFICIAL<\/a> <\/figcaption><\/figure>\n\n\n\n<figure class=\"wp-block-embed is-type-video is-provider-youtube wp-block-embed-youtube wp-embed-aspect-16-9 wp-has-aspect-ratio\"><div class=\"wp-block-embed__wrapper\">\n<iframe loading=\"lazy\" title=\"Sima Magu\u0161inov\u00e1 - Venu\u0161a (official lyric video)\" width=\"790\" height=\"444\" src=\"https:\/\/www.youtube.com\/embed\/ZgnRoJxccuk?feature=oembed\" frameborder=\"0\" allow=\"accelerometer; autoplay; clipboard-write; encrypted-media; gyroscope; picture-in-picture; web-share\" referrerpolicy=\"strict-origin-when-cross-origin\" allowfullscreen><\/iframe>\n<\/div><figcaption>Sima Magu\u0161inov\u00e1 OFFICIAL<\/figcaption><\/figure>\n\n\n\n<figure class=\"wp-block-embed is-type-wp-embed is-provider-sima-magusinova wp-block-embed-sima-magusinova\"><div class=\"wp-block-embed__wrapper\">\n<blockquote class=\"wp-embedded-content\" data-secret=\"mYUaaeoVs1\"><a href=\"https:\/\/simamagusinova.sk\/\">Sima Magu\u0161inov\u00e1 &#8211; Novinky<\/a><\/blockquote><iframe class=\"wp-embedded-content\" sandbox=\"allow-scripts\" security=\"restricted\" style=\"position: absolute; clip: rect(1px, 1px, 1px, 1px);\" title=\"&#8220;Sima Magu\u0161inov\u00e1 &#8211; Novinky&#8221; &#8212; Sima Magu\u0161inov\u00e1\" src=\"https:\/\/simamagusinova.sk\/embed\/#?secret=rgrZb8qu64#?secret=mYUaaeoVs1\" data-secret=\"mYUaaeoVs1\" width=\"600\" height=\"338\" frameborder=\"0\" marginwidth=\"0\" marginheight=\"0\" scrolling=\"no\"><\/iframe>\n<\/div><\/figure>\n\n\n\n<p><strong>Sima Magu\u0161inov\u00e1 spom\u00edna na rok 2021<\/strong>:<\/p>\n\n\n\n<p>\u201e<em>Rok 2021 mal pre m\u0148a mnoho pozit\u00edvnych a kr\u00e1snych chv\u00ed\u013e. S kapelou sme v lete mali ve\u013ea koncertov a str\u00e1vili sme pekn\u00fd \u010das spolo\u010dne, ale aj s na\u0161imi fan\u00fa\u0161ikmi. Z\u00e1rove\u0148 som sa v tom roku vydala a tak sa u\u017e vol\u00e1m Magu\u0161inov\u00e1, ve\u013emi sa z toho te\u0161\u00edm a som za to v\u010fa\u010dn\u00e1. Ak v roku 2021 boli aj nejak\u00e9 \u0165a\u017e\u0161ie chv\u00edle, tie pekn\u00e9 ich ur\u010dite prev\u00e1\u017eili,<\/em>\u201c .<\/p>\n\n\n\n<p> \u201eVer\u00edm, \u017ee v roku 2022 ma \u010dak\u00e1 o tro\u0161ku viac turistick\u00fdch a lezeck\u00fdch z\u00e1\u017eitkov, ktor\u00e9 mi tro\u0161ku pr\u00e1ve teraz ch\u00fdbaj\u00fa. Ver\u00edm, \u017ee budeme s mojou rodinou zdrav\u00ed a \u0161\u0165astn\u00ed. Chcem \u017ei\u0165 hlavne vo v\u010fa\u010dnosti za pr\u00edtomn\u00e9 chv\u00edle, preto ve\u013emi nepl\u00e1nujem, ale sa sk\u00f4r te\u0161\u00edm z toho, \u010do sa pr\u00e1ve v mojom \u017eivote deje. Nepl\u00e1nujem, no z\u00e1rove\u0148 sn\u00edvam o mnoh\u00fdch pekn\u00fdch veciach, za ktor\u00e9 sa aj modl\u00edm, no ktor\u00e9 si nech\u00e1vam pre seba.\u201c(<a href=\"https:\/\/www.dobrenoviny.sk\">https:\/\/www.dobrenoviny.sk<\/a>)<\/p>\n\n\n\n<p><strong><em>Tka\u010denko &#8211; Ondrej\u00ed\u010dek &#8230;<\/em><\/strong><\/p>\n\n\n\n<p>Sima sa &#8230; dostala do pozornosti m\u00e9di\u00ed po tom, \u010do musela na soci\u00e1lnej sieti \u010deli\u0165 \u00fatokom zo strany novin\u00e1rov. T\u00ed sa nav\u00e1\u017eali do jej tvorby a kritizovali ju ako kres\u0165anku. Kauza sa zo soci\u00e1lnych siet\u00ed dostala dokonca do h\u013ead\u00e1\u010dika gener\u00e1lneho prokur\u00e1tora Maro\u0161a \u017dilinku a \u0161peci\u00e1lneho prokur\u00e1tora Daniela Lip\u0161ica.<\/p>\n\n\n\n<p>Koment\u00e1tor Peter Tka\u010denko a karikaturista Rado Ond\u0159ej\u00ed\u010dek sa jej vysmievali, \u017ee je kres\u0165anka, uviedli, \u017ee viera je ment\u00e1lna diagn\u00f3za, pl\u00e1novali na \u0148u nap\u00edsa\u0165 hanopis. \u010co bolo vyslovene nehodn\u00e9 ani pravideln\u00e9ho n\u00e1v\u0161tevn\u00edka kr\u010dmy piatej cenovej skupiny,Tka\u010denko dodal, \u017ee najlep\u0161ie by bolo, ak by spev\u00e1\u010dku \u201cza\u0161ili\u201d, aby nemala potomkov.<\/p>\n\n\n\n<p>\u201cSpustnut\u00fd \u017een\u00edch. To mi pripom\u00edna m\u00f4j ob\u013e\u00faben\u00fd paragraf Trestn\u00e9ho z\u00e1kona, ktor\u00fd postihuje rodi\u010dov, ktor\u00ed svojim de\u0165om umo\u017enia vies\u0165 z\u00e1ha\u013e\u010div\u00fd sp\u00f4sob \u017eivota a t\u00fdm ich vystavuj\u00fa nebezpe\u010denstvu spustnutia. Ergo by ju mohli za\u0161i\u0165 a aspo\u0148 by sa zastavila nov\u00e1 produkcia.\u201d<\/p>\n\n\n\n<p>Ani jeden z novin\u00e1rov nemal potrebu sa za tieto slov\u00e1 ospravedlni\u0165, naopak, na soci\u00e1lnej sieti sa du\u0161oval, \u017ee ak by mal u svojej \u0161\u00e9fky v pr\u00e1ci kv\u00f4li tomu nejak\u00fd probl\u00e9m, tak okam\u017eite odch\u00e1dza. Na Slovensku je to tak. U\u017e sme boli svedkami &#8222;vyhadzovov&#8220; z pr\u00e1ce nieko\u013ek\u00fdch moder\u00e1toriek za ich n\u00e1zory. Dvoch mlad\u00fdch mu\u017eov sa to zrejme net\u00fdka.<\/p>\n\n\n\n<p><em>Gener\u00e1lny prokur\u00e1tor SR Maro\u0161 \u017dilinka pova\u017euje za absol\u00fatne neakceptovate\u013en\u00e9 hanobiace \u00fatoky pre vierovyznanie, ktor\u00e9 prekra\u010duj\u00fa hranice slobody prejavu a to zvl\u00e1\u0161\u0165, ak sa k tak\u00e9mu konaniu uch\u00fdlia novin\u00e1ri,&#8220;<\/em> stoj\u00ed v stanovisku.<\/p>\n\n\n\n<p>\u017dilinka preto ozn\u00e1mil, \u017ee zabezpe\u010d\u00ed, aby prostredn\u00edctvom \u00daradu \u0161peci\u00e1lnej prokurat\u00fary, v ktor\u00e9ho p\u00f4sobnosti s\u00fa trestn\u00e9 \u010diny extr\u00e9mizmu, bolo vy\u0161etren\u00e9, \u010di v pr\u00edpade Magu\u0161inovej nepri\u0161lo k sp\u00e1chaniu trestn\u00e9ho \u010dinu hanobenia n\u00e1roda, rasy a presved\u010denia. (<a href=\"https:\/\/www.hlavnydennik.sk\">https:\/\/www.hlavnydennik.sk<\/a>)<\/p>\n\n\n\n<p><strong><em>Bihariov\u00e1 by chcela br\u00e1ni\u0165 Tka\u010denka poskytnut\u00edm pr\u00e1vnej pomoci, \u00fato\u010dil pre vierovyznanie na spev\u00e1\u010dku Simu Magu\u0161inov\u00fa<\/em><\/strong> &#8230; (<a href=\"https:\/\/www.webnoviny.sk\">https:\/\/www.webnoviny.sk<\/a>)<\/p>\n\n\n\n<p><strong><em>\u0160peci\u00e1lny prokur\u00e1tor Daniel Lip\u0161ic po presk\u00faman\u00ed v\u00fdrokov t\u00fdkaj\u00facich sa podozrenia zo sp\u00e1chania trestn\u00e9ho \u010dinu hanobenia n\u00e1roda, rasy a presved\u010denia vo\u010di spev\u00e1\u010dke Sime Magu\u0161inovej dospel k z\u00e1veru, \u017ee nebol sp\u00e1chan\u00fd trestn\u00fd \u010din.<\/em><\/strong> (<a href=\"https:\/\/spravy.pravda.sk\">https:\/\/spravy.pravda.sk<\/a>)<\/p>\n\n\n\n<p><\/p>\n\n\n\n<p><\/p>\n\n\n\n<p><\/p>\n","protected":false},"excerpt":{"rendered":"<p>Sima Magu\u0161inov\u00e1 spom\u00edna na rok 2021: \u201eRok 2021 mal pre m\u0148a mnoho pozit\u00edvnych a kr\u00e1snych chv\u00ed\u013e. S kapelou sme v lete mali ve\u013ea koncertov a str\u00e1vili sme pekn\u00fd \u010das spolo\u010dne, ale aj s na\u0161imi fan\u00fa\u0161ikmi. Z\u00e1rove\u0148 som sa v tom roku vydala a tak sa u\u017e vol\u00e1m Magu\u0161inov\u00e1, ve\u013emi sa z toho te\u0161\u00edm a som &hellip; <\/p>\n","protected":false},"author":1,"featured_media":849,"parent":0,"menu_order":0,"comment_status":"closed","ping_status":"closed","template":"","meta":{"footnotes":""},"_links":{"self":[{"href":"https:\/\/www.silentseniors.eu\/index.php\/wp-json\/wp\/v2\/pages\/3951"}],"collection":[{"href":"https:\/\/www.silentseniors.eu\/index.php\/wp-json\/wp\/v2\/pages"}],"about":[{"href":"https:\/\/www.silentseniors.eu\/index.php\/wp-json\/wp\/v2\/types\/page"}],"author":[{"embeddable":true,"href":"https:\/\/www.silentseniors.eu\/index.php\/wp-json\/wp\/v2\/users\/1"}],"replies":[{"embeddable":true,"href":"https:\/\/www.silentseniors.eu\/index.php\/wp-json\/wp\/v2\/comments?post=3951"}],"version-history":[{"count":9,"href":"https:\/\/www.silentseniors.eu\/index.php\/wp-json\/wp\/v2\/pages\/3951\/revisions"}],"predecessor-version":[{"id":4463,"href":"https:\/\/www.silentseniors.eu\/index.php\/wp-json\/wp\/v2\/pages\/3951\/revisions\/4463"}],"wp:featuredmedia":[{"embeddable":true,"href":"https:\/\/www.silentseniors.eu\/index.php\/wp-json\/wp\/v2\/media\/849"}],"wp:attachment":[{"href":"https:\/\/www.silentseniors.eu\/index.php\/wp-json\/wp\/v2\/media?parent=3951"}],"curies":[{"name":"wp","href":"https:\/\/api.w.org\/{rel}","templated":true}]}}