{"id":3943,"date":"2022-02-20T11:45:00","date_gmt":"2022-02-20T11:45:00","guid":{"rendered":"https:\/\/www.silentseniors.eu\/?page_id=3943"},"modified":"2022-02-20T11:45:00","modified_gmt":"2022-02-20T11:45:00","slug":"piesne-su-otlackami-kuskov-duse-perin-dinekli","status":"publish","type":"page","link":"https:\/\/www.silentseniors.eu\/index.php\/piesne-su-otlackami-kuskov-duse-perin-dinekli\/","title":{"rendered":"Piesne s\u00fa otla\u010dkami k\u00faskov du\u0161e: Perin Dinekli"},"content":{"rendered":"\n<p><\/p>\n\n\n\n<figure class=\"wp-block-embed is-type-video is-provider-youtube wp-block-embed-youtube wp-embed-aspect-16-9 wp-has-aspect-ratio\"><div class=\"wp-block-embed__wrapper\">\n<iframe loading=\"lazy\" title=\"EIN DIREKTES LIED  von Perin Dinekli (mit Text &amp; Akkorden)\" width=\"790\" height=\"444\" src=\"https:\/\/www.youtube.com\/embed\/Y5Z8W1JNkLg?feature=oembed\" frameborder=\"0\" allow=\"accelerometer; autoplay; clipboard-write; encrypted-media; gyroscope; picture-in-picture\" allowfullscreen><\/iframe>\n<\/div><figcaption> <a href=\"https:\/\/www.youtube.com\/channel\/UC1qGIdDMpKnVDr0owfqDaSQ\">Perin Dinekli<\/a> <\/figcaption><\/figure>\n\n\n\n<figure class=\"wp-block-embed is-type-video is-provider-youtube wp-block-embed-youtube wp-embed-aspect-16-9 wp-has-aspect-ratio\"><div class=\"wp-block-embed__wrapper\">\n<iframe loading=\"lazy\" title=\"Wir h\u00f6r&#039;n nicht auf - Perin Dinekli - Demo Baden-Baden 2.1.22\" width=\"790\" height=\"444\" src=\"https:\/\/www.youtube.com\/embed\/TrTUS5KNG4o?feature=oembed\" frameborder=\"0\" allow=\"accelerometer; autoplay; clipboard-write; encrypted-media; gyroscope; picture-in-picture\" allowfullscreen><\/iframe>\n<\/div><figcaption> <a href=\"https:\/\/www.youtube.com\/channel\/UC1qGIdDMpKnVDr0owfqDaSQ\">Perin Dinekli<\/a> <\/figcaption><\/figure>\n\n\n\n<figure class=\"wp-block-embed is-type-video is-provider-youtube wp-block-embed-youtube wp-embed-aspect-16-9 wp-has-aspect-ratio\"><div class=\"wp-block-embed__wrapper\">\n<iframe loading=\"lazy\" title=\"&quot;Danser encore&quot; (HK) + &quot;Immer weiter tanzen&quot; interpretiert von Perin Dinekli und M u S i K\" width=\"790\" height=\"444\" src=\"https:\/\/www.youtube.com\/embed\/nbMY1b6lS_g?feature=oembed\" frameborder=\"0\" allow=\"accelerometer; autoplay; clipboard-write; encrypted-media; gyroscope; picture-in-picture\" allowfullscreen><\/iframe>\n<\/div><figcaption> M u S i K <\/figcaption><\/figure>\n\n\n\n<p><\/p>\n","protected":false},"excerpt":{"rendered":"","protected":false},"author":1,"featured_media":849,"parent":0,"menu_order":0,"comment_status":"closed","ping_status":"closed","template":"","meta":{"footnotes":""},"_links":{"self":[{"href":"https:\/\/www.silentseniors.eu\/index.php\/wp-json\/wp\/v2\/pages\/3943"}],"collection":[{"href":"https:\/\/www.silentseniors.eu\/index.php\/wp-json\/wp\/v2\/pages"}],"about":[{"href":"https:\/\/www.silentseniors.eu\/index.php\/wp-json\/wp\/v2\/types\/page"}],"author":[{"embeddable":true,"href":"https:\/\/www.silentseniors.eu\/index.php\/wp-json\/wp\/v2\/users\/1"}],"replies":[{"embeddable":true,"href":"https:\/\/www.silentseniors.eu\/index.php\/wp-json\/wp\/v2\/comments?post=3943"}],"version-history":[{"count":1,"href":"https:\/\/www.silentseniors.eu\/index.php\/wp-json\/wp\/v2\/pages\/3943\/revisions"}],"predecessor-version":[{"id":3944,"href":"https:\/\/www.silentseniors.eu\/index.php\/wp-json\/wp\/v2\/pages\/3943\/revisions\/3944"}],"wp:featuredmedia":[{"embeddable":true,"href":"https:\/\/www.silentseniors.eu\/index.php\/wp-json\/wp\/v2\/media\/849"}],"wp:attachment":[{"href":"https:\/\/www.silentseniors.eu\/index.php\/wp-json\/wp\/v2\/media?parent=3943"}],"curies":[{"name":"wp","href":"https:\/\/api.w.org\/{rel}","templated":true}]}}