{"id":2,"date":"2021-09-22T21:10:24","date_gmt":"2021-09-22T21:10:24","guid":{"rendered":"http:\/\/localhost\/wordpress\/?page_id=2"},"modified":"2021-10-28T18:20:05","modified_gmt":"2021-10-28T18:20:05","slug":"sample-page","status":"publish","type":"page","link":"https:\/\/www.silentseniors.eu\/index.php\/sample-page\/","title":{"rendered":"Mobbing, politick\u00fd mobbing &#8230; a \u010do bude \u010falej?"},"content":{"rendered":"\n<p>V\u00edtajte na str\u00e1nkach, ktor\u00e9 s\u00fa venovan\u00e9 niektor\u00fdm ot\u00e1zk\u00e1m kvality n\u00e1\u0161ho \u017eivota a medzi\u013eudsk\u00fdch vz\u0165ahov \u2026<\/p>\n\n\n\n<p>O v\u00fdzname a d\u00f4le\u017eitosti soci\u00e1lnych vz\u0165ahov pre \u017eivot \u010dloveka toho u\u017e bolo povedan\u00e9 a nap\u00edsan\u00e9ho stra\u0161ne ve\u013ea. M\u00e1lokto v\u0161ak pochybuje o tom, \u017ee pr\u00e1ve vz\u0165ahy medzi \u013eudmi maj\u00fa k\u013e\u00fa\u010dov\u00fd v\u00fdznam a dopad na n\u00e1\u0161 \u017eivot, ale aj na na\u0161e zdravie a pocity zmysluplnosti a naplnenosti \u2013 teda kvality \u2013 n\u00e1\u0161ho \u017eivota.<\/p>\n\n\n\n<p>Ako \u201e<strong><em>vz\u0165ahov\u00fa patol\u00f3giu<\/em><\/strong>\u201c som si vo svojej poradenskej praxi dovolil ozna\u010dova\u0165&nbsp;<em>medzi\u013eudsk\u00e9 vz\u0165ahy<\/em>, ktor\u00e9 n\u00e1m t\u00fato kvalitu a pozit\u00edvne pocity ber\u00fa a ved\u00fa do nap\u00e4tia, stresu a do nemoci \u2013 teda&nbsp;<strong><em>mobbing, \u0161ikana, bossing, staffing<\/em>, v\u0161etky druhy<em>&nbsp;nerovn\u00e9ho pr\u00edstupu&nbsp;<\/em>a<em>&nbsp;zaobch\u00e1dzania (diskrimin\u00e1cia), ob\u0165a\u017eovania<\/em>&nbsp;<em>(harassment)<\/em>,&nbsp;<em>prenasledovania (stalking)<\/em>.<\/strong><\/p>\n\n\n\n<p>\u201e<strong><em>Mobbing\u201c&nbsp;<\/em><\/strong>je \u010dasto definovan\u00fd ako \u201e<strong><em>\u00fatoky, nap\u00e1danie a obm\u00e4dzovanie druh\u00fdm\/i<\/em><\/strong>\u201e, nielen na <strong>fyzickej<\/strong>, ale v s\u00fa\u010dasnom &#8222;civilizovanom&#8220; svete zrejme ove\u013ea viac a \u010dastej\u0161ie na <strong>psychickej<\/strong> \u00farovni.  <strong><em>Mobbing je n\u00e1lak! Mobbing je ohov\u00e1ranie a zastra\u0161ovanie. Mobbing je psychoteror!<\/em><\/strong><\/p>\n\n\n\n<p>\u201e<strong><em>Politick\u00fd mobbing<\/em><\/strong>\u201c je potom situ\u00e1cia\/stav, kedy je jednotlivec, skupina a niekedy dokonca v\u00e4\u010d\u0161ina popul\u00e1cie, ter\u010dom \u201e<em><strong>ohov\u00e1rania, n\u00e1tlaku, zastra\u0161ovania, vyhr\u00e1\u017eok a obm\u00e4dzovania ka\u017ed\u00e9ho druhu&#8220; zo strany jednotlivca alebo skupiny &#8211; napr\u00edklad charakterov\u00fdch dikt\u00e1torov, totalit\u010d\u00edkov \u010di \u013eud\u00ed s vysok\u00fdmi amb\u00edciami k ovl\u00e1daniu a &#8222;kupovaniu&#8220; druh\u00fdch, oligarchov, finan\u010dn\u00edkov a zbohatl\u00edkov ka\u017ed\u00e9ho druhu &#8211; skr\u00e1tka tzv. &#8222;mocn\u00fdch&#8220;. V\u00e4\u010d\u0161inou sa tak deje prostredn\u00edctvom  politikov, spr\u00e1vnych \u00faradn\u00edkov a im podriaden\u00fdch (repres\u00edvnych!) org\u00e1nov a zlo\u017eiek. Zvl\u00e1\u0161tne postavenie v s\u00fa\u010dasnom svete pri politickom mobbingu zohr\u00e1vaj\u00fa (nie nez\u00e1visl\u00e9, ale naopak kolaboruj\u00face!)  m\u00e9di\u00e1.<\/strong><\/em> Typick\u00fdm pre v\u0161etky druhy politick\u00e9ho mobbingu je predov\u0161etk\u00fdm <strong>nedostatok sebereflexie a tzv. sp\u00e4tnej v\u00e4zby<\/strong> (feedback), <strong>verb\u00e1lne n\u00e1silie<\/strong>,<strong> neschopnos\u0165 \u010di neochota vies\u0165 dialog<\/strong> a predov\u0161etk\u00fdm <strong>odmietanie akejko\u013evek formy rovnej diskusie a kritiky<\/strong>. (Napr. v\u00fdroky tipu &#8222;<em>o faktoch sa nediskutuje!&#8220;<\/em>, atp. .)<\/p>\n\n\n\n<p><em><strong>Pri posudzovan\u00ed toho, \u010di sa jedn\u00e1 o politick\u00fd mobbing vych\u00e1dzame predov\u0161etk\u00fdm z komunika\u010dnej anal\u00fdzy a prvkov a sign\u00e1lov psychick\u00e9ho n\u00e1silia &#8211; n\u00e1tlaku, ohov\u00e1rania, zneva\u017eovnia, atp. . Do \u00favahy v\u0161ak samozrejme mus\u00edme bra\u0165 aj re\u00e1lne rozlo\u017eenie prvkov moci a vlivu, ktor\u00fdmi jedna \u010di druh\u00e1 strana disponuje!<\/strong><\/em><\/p>\n\n\n\n<p>Mnoho sign\u00e1lov u\u017e nasved\u010duje, \u017ee sa svet, v ktorom \u017eijeme men\u00ed v kvalite \u017eivota a medzi\u013eudsk\u00fdch vz\u0165ahov k hor\u0161iemu. Pojmy ako \u201esloboda\u201c, \u201edemokracia\u201c a \u201e\u013eudsk\u00e1 d\u00f4stojnos\u0165\u201c sa vypr\u00e1zd\u0148uj\u00fa \u010di dost\u00e1vaj\u00fa celkom in\u00fd obsah.&nbsp;<em>Naozaj sa to deje a ak \u00e1no, tak pre\u010do sa tak deje?&nbsp;<\/em>A pr\u00e1ve t\u00fdmto a podobn\u00fdm ot\u00e1zkam chceme na tomto webe venova\u0165 pozornos\u0165.<\/p>\n\n\n\n<p>22.9. 2021, PhDr. Pavel Be\u0148o <\/p>\n\n\n\n<p><\/p>\n","protected":false},"excerpt":{"rendered":"<p>V\u00edtajte na str\u00e1nkach, ktor\u00e9 s\u00fa venovan\u00e9 niektor\u00fdm ot\u00e1zk\u00e1m kvality n\u00e1\u0161ho \u017eivota a medzi\u013eudsk\u00fdch vz\u0165ahov \u2026 O v\u00fdzname a d\u00f4le\u017eitosti soci\u00e1lnych vz\u0165ahov pre \u017eivot \u010dloveka toho u\u017e bolo povedan\u00e9 a nap\u00edsan\u00e9ho stra\u0161ne ve\u013ea. M\u00e1lokto v\u0161ak pochybuje o tom, \u017ee pr\u00e1ve vz\u0165ahy medzi \u013eudmi maj\u00fa k\u013e\u00fa\u010dov\u00fd v\u00fdznam a dopad na n\u00e1\u0161 \u017eivot, ale aj na na\u0161e zdravie &hellip; <\/p>\n","protected":false},"author":1,"featured_media":0,"parent":0,"menu_order":0,"comment_status":"closed","ping_status":"open","template":"","meta":{"footnotes":""},"_links":{"self":[{"href":"https:\/\/www.silentseniors.eu\/index.php\/wp-json\/wp\/v2\/pages\/2"}],"collection":[{"href":"https:\/\/www.silentseniors.eu\/index.php\/wp-json\/wp\/v2\/pages"}],"about":[{"href":"https:\/\/www.silentseniors.eu\/index.php\/wp-json\/wp\/v2\/types\/page"}],"author":[{"embeddable":true,"href":"https:\/\/www.silentseniors.eu\/index.php\/wp-json\/wp\/v2\/users\/1"}],"replies":[{"embeddable":true,"href":"https:\/\/www.silentseniors.eu\/index.php\/wp-json\/wp\/v2\/comments?post=2"}],"version-history":[{"count":7,"href":"https:\/\/www.silentseniors.eu\/index.php\/wp-json\/wp\/v2\/pages\/2\/revisions"}],"predecessor-version":[{"id":1577,"href":"https:\/\/www.silentseniors.eu\/index.php\/wp-json\/wp\/v2\/pages\/2\/revisions\/1577"}],"wp:attachment":[{"href":"https:\/\/www.silentseniors.eu\/index.php\/wp-json\/wp\/v2\/media?parent=2"}],"curies":[{"name":"wp","href":"https:\/\/api.w.org\/{rel}","templated":true}]}}